{"id":4,"date":"2013-04-23T15:42:15","date_gmt":"2013-04-23T15:42:15","guid":{"rendered":"http:\/\/derechocivil.zeus.umh.es\/presentacion\/"},"modified":"2025-01-14T13:52:50","modified_gmt":"2025-01-14T12:52:50","slug":"presentacion","status":"publish","type":"page","link":"https:\/\/derechocivil.umh.es\/ca\/","title":{"rendered":"Presentaci\u00f3n"},"content":{"rendered":"<p>[et_pb_section fb_built=&#8221;1&#8243; admin_label=&#8221;Secci\u00f3n&#8221; _builder_version=&#8221;4.17.4&#8243; global_colors_info=&#8221;{}&#8221;][et_pb_row _builder_version=&#8221;4.17.4&#8243; background_size=&#8221;initial&#8221; background_position=&#8221;top_left&#8221; background_repeat=&#8221;repeat&#8221; global_colors_info=&#8221;{}&#8221;][et_pb_column type=&#8221;4_4&#8243; _builder_version=&#8221;4.16&#8243; custom_padding=&#8221;|||&#8221; global_colors_info=&#8221;{}&#8221; custom_padding__hover=&#8221;|||&#8221;][et_pb_text admin_label=&#8221;Presentaci\u00f3n&#8221; _builder_version=&#8221;4.16&#8243; background_size=&#8221;initial&#8221; background_position=&#8221;top_left&#8221; background_repeat=&#8221;repeat&#8221; custom_padding=&#8221;||0px|||&#8221; global_colors_info=&#8221;{}&#8221;]<\/p>\n<p style=\"text-align: justify\"><strong style=\"font-size: 14px\">Presentaci\u00f3n<\/strong><strong><\/strong><\/p>\n<p style=\"text-align: justify\"><strong>El <a href=\"https:\/\/derechocivil.umh.es\/\">\u00e1rea de Derecho civil<\/a> de la Universidad Miguel Hern\u00e1ndez est\u00e1 adscrita al Departamento de Ciencia Jur\u00eddica; imparte su docencia en el Grado en Derecho, en el Grado en Derecho semipresencial, en el Grado en Relaciones Laborales y Recursos Humanos, en el Grado en Comunicaci\u00f3n Audiovisual, en el Grado en Seguridad P\u00fablica y Privada, en el doble Grado en Derecho y Administraci\u00f3n y Direcci\u00f3n de Empresas y en el M\u00e1ster de Acceso a la Abogac\u00eda. Desde el \u00e1rea trabajamos cada d\u00eda para mejorar la calidad de la ense\u00f1anza e, igualmente, junto a la transmisi\u00f3n de conocimientos y habilidades a trav\u00e9s de la docencia, desarrollamos una esmerada tarea intelectual a trav\u00e9s de la investigaci\u00f3n en diversas parcelas del Derecho civil.<\/strong><\/p>\n<p style=\"text-align: justify\"><strong><\/strong><\/p>\n<p style=\"text-align: justify\">\n<p>[\/et_pb_text][\/et_pb_column][\/et_pb_row][\/et_pb_section]<\/p>\n","protected":false},"excerpt":{"rendered":"<p>Presentaci\u00f3n El \u00e1rea de Derecho civil de la Universidad Miguel Hern\u00e1ndez est\u00e1 adscrita al Departamento de Ciencia Jur\u00eddica; imparte su docencia en el Grado en Derecho, en el Grado en Derecho semipresencial, en el Grado en Relaciones Laborales y Recursos Humanos, en el Grado en Comunicaci\u00f3n Audiovisual, en el Grado en Seguridad P\u00fablica y Privada, [&hellip;]<\/p>\n","protected":false},"author":1,"featured_media":0,"parent":0,"menu_order":0,"comment_status":"closed","ping_status":"open","template":"","meta":{"_et_pb_use_builder":"on","_et_pb_old_content":"<p style=\"text-align: justify;\"><strong>El <a href=\"https:\/\/derechocivil.umh.es\">\u00e1rea de Derecho civil<\/a><a href=\"https:\/\/derechocivil.umh.es\/files\/2013\/05\/torrevailloytorregaitan.jpg\"><img class=\"alignleft size-medium wp-image-6\" title=\"torrevailloytorregaitan\" src=\"https:\/\/derechocivil.umh.es\/files\/2013\/05\/torrevailloytorregaitan-300x224.jpg\" alt=\"\" width=\"300\" height=\"224\" \/><\/a> de la Universidad Miguel Hern\u00e1ndez est\u00e1 adscrita al Departamento de Ciencia Jur\u00eddica; imparte su docencia en el Grado en Derecho, en el Grado en Derecho semipresencial, en el Grado en Relaciones Laborales y Recursos Humanos, en el Grado en Comunicaci\u00f3n Audiovisual, en el Grado en Seguridad P\u00fablica y Privada, en el doble Grado en Derecho y Administraci\u00f3n y Direcci\u00f3n de Empresas y en el M\u00e1ster de Acceso a la Abogac\u00eda. Desde el \u00e1rea trabajamos cada d\u00eda para mejorar la calidad de la ense\u00f1anza e, igualmente, junto a la transmisi\u00f3n de conocimientos y habilidades a trav\u00e9s de la docencia, desarrollamos una esmerada tarea intelectual a trav\u00e9s de la investigaci\u00f3n en diversas parcelas del Derecho civil.<\/strong><\/p>","_et_gb_content_width":"","_links_to":"","_links_to_target":""},"_links":{"self":[{"href":"https:\/\/derechocivil.umh.es\/ca\/wp-json\/wp\/v2\/pages\/4"}],"collection":[{"href":"https:\/\/derechocivil.umh.es\/ca\/wp-json\/wp\/v2\/pages"}],"about":[{"href":"https:\/\/derechocivil.umh.es\/ca\/wp-json\/wp\/v2\/types\/page"}],"author":[{"embeddable":true,"href":"https:\/\/derechocivil.umh.es\/ca\/wp-json\/wp\/v2\/users\/1"}],"replies":[{"embeddable":true,"href":"https:\/\/derechocivil.umh.es\/ca\/wp-json\/wp\/v2\/comments?post=4"}],"version-history":[{"count":0,"href":"https:\/\/derechocivil.umh.es\/ca\/wp-json\/wp\/v2\/pages\/4\/revisions"}],"wp:attachment":[{"href":"https:\/\/derechocivil.umh.es\/ca\/wp-json\/wp\/v2\/media?parent=4"}],"curies":[{"name":"wp","href":"https:\/\/api.w.org\/{rel}","templated":true}]}}