{"id":24,"date":"2013-05-17T17:20:57","date_gmt":"2013-05-17T17:20:57","guid":{"rendered":"http:\/\/derechocivil.umh.es\/investigacion\/proyectos\/participacion-en-proyectos-de-innovacion-docente-planes-y-equipos-de-trabajo-relacionados-con-eees\/"},"modified":"2020-01-23T18:12:15","modified_gmt":"2020-01-23T17:12:15","slug":"participacion-en-proyectos-de-innovacion-docente-planes-y-equipos-de-trabajo-relacionados-con-eees","status":"publish","type":"page","link":"https:\/\/derechocivil.umh.es\/ca\/investigacion\/proyectos\/participacion-en-proyectos-de-innovacion-docente-planes-y-equipos-de-trabajo-relacionados-con-eees\/","title":{"rendered":"<span lang=\"es\">(Espa\u00f1ol) Participaci\u00f3n en Proyectos de innovaci\u00f3n docente (planes y equipos de trabajo relacionados con EEES)<\/span>"},"content":{"rendered":"<p class=\"qtranxs-available-languages-message qtranxs-available-languages-message-ca\">Ho sentim, aquesta entrada es troba disponible \u00fanicament en <a href=\"https:\/\/derechocivil.umh.es\/es\/wp-json\/wp\/v2\/pages\/24\" class=\"qtranxs-available-language-link qtranxs-available-language-link-es\" title=\"Espa\u00f1ol\">Espanyol Europeu<\/a>.<\/p>","protected":false},"excerpt":{"rendered":"<p>Ho sentim, aquesta entrada es troba disponible \u00fanicament en Espanyol Europeu.<\/p>\n","protected":false},"author":2794,"featured_media":0,"parent":22,"menu_order":0,"comment_status":"closed","ping_status":"open","template":"","meta":{"_et_pb_use_builder":"","_et_pb_old_content":"","_et_gb_content_width":"","_links_to":"","_links_to_target":""},"_links":{"self":[{"href":"https:\/\/derechocivil.umh.es\/ca\/wp-json\/wp\/v2\/pages\/24"}],"collection":[{"href":"https:\/\/derechocivil.umh.es\/ca\/wp-json\/wp\/v2\/pages"}],"about":[{"href":"https:\/\/derechocivil.umh.es\/ca\/wp-json\/wp\/v2\/types\/page"}],"author":[{"embeddable":true,"href":"https:\/\/derechocivil.umh.es\/ca\/wp-json\/wp\/v2\/users\/2794"}],"replies":[{"embeddable":true,"href":"https:\/\/derechocivil.umh.es\/ca\/wp-json\/wp\/v2\/comments?post=24"}],"version-history":[{"count":0,"href":"https:\/\/derechocivil.umh.es\/ca\/wp-json\/wp\/v2\/pages\/24\/revisions"}],"up":[{"embeddable":true,"href":"https:\/\/derechocivil.umh.es\/ca\/wp-json\/wp\/v2\/pages\/22"}],"wp:attachment":[{"href":"https:\/\/derechocivil.umh.es\/ca\/wp-json\/wp\/v2\/media?parent=24"}],"curies":[{"name":"wp","href":"https:\/\/api.w.org\/{rel}","templated":true}]}}