{"id":12,"date":"2013-05-17T17:07:16","date_gmt":"2013-05-17T17:07:16","guid":{"rendered":"http:\/\/derechocivil.umh.es\/directorio\/purificacion-cremades-garcia\/"},"modified":"2024-11-17T17:21:02","modified_gmt":"2024-11-17T16:21:02","slug":"purificacion-cremades-garcia","status":"publish","type":"page","link":"https:\/\/derechocivil.umh.es\/ca\/directorio\/purificacion-cremades-garcia\/","title":{"rendered":"<span lang=\"es\">(Espa\u00f1ol) Purificaci\u00f3n Cremades Garc\u00eda<\/span>"},"content":{"rendered":"<p><\/p>\n<\/p>\n<p><\/p>","protected":false},"excerpt":{"rendered":"","protected":false},"author":2794,"featured_media":0,"parent":8,"menu_order":0,"comment_status":"closed","ping_status":"open","template":"","meta":{"_et_pb_use_builder":"","_et_pb_old_content":"","_et_gb_content_width":"","_links_to":"","_links_to_target":""},"_links":{"self":[{"href":"https:\/\/derechocivil.umh.es\/ca\/wp-json\/wp\/v2\/pages\/12"}],"collection":[{"href":"https:\/\/derechocivil.umh.es\/ca\/wp-json\/wp\/v2\/pages"}],"about":[{"href":"https:\/\/derechocivil.umh.es\/ca\/wp-json\/wp\/v2\/types\/page"}],"author":[{"embeddable":true,"href":"https:\/\/derechocivil.umh.es\/ca\/wp-json\/wp\/v2\/users\/2794"}],"replies":[{"embeddable":true,"href":"https:\/\/derechocivil.umh.es\/ca\/wp-json\/wp\/v2\/comments?post=12"}],"version-history":[{"count":0,"href":"https:\/\/derechocivil.umh.es\/ca\/wp-json\/wp\/v2\/pages\/12\/revisions"}],"up":[{"embeddable":true,"href":"https:\/\/derechocivil.umh.es\/ca\/wp-json\/wp\/v2\/pages\/8"}],"wp:attachment":[{"href":"https:\/\/derechocivil.umh.es\/ca\/wp-json\/wp\/v2\/media?parent=12"}],"curies":[{"name":"wp","href":"https:\/\/api.w.org\/{rel}","templated":true}]}}