{"id":10,"date":"2013-05-17T17:00:36","date_gmt":"2013-05-17T17:00:36","guid":{"rendered":"http:\/\/derechocivil.umh.es\/directorio\/cristina-lopez-sanchez\/"},"modified":"2025-07-17T13:41:10","modified_gmt":"2025-07-17T11:41:10","slug":"cristina-lopez-sanchez","status":"publish","type":"page","link":"https:\/\/derechocivil.umh.es\/ca\/directorio\/cristina-lopez-sanchez\/","title":{"rendered":"<span lang=\"es\">(Espa\u00f1ol) Cristina L\u00f3pez S\u00e1nchez<\/span>"},"content":{"rendered":"<p><\/p>\n<p><\/p>","protected":false},"excerpt":{"rendered":"","protected":false},"author":2794,"featured_media":0,"parent":8,"menu_order":0,"comment_status":"closed","ping_status":"open","template":"","meta":{"_et_pb_use_builder":"","_et_pb_old_content":"","_et_gb_content_width":"","_links_to":"","_links_to_target":""},"_links":{"self":[{"href":"https:\/\/derechocivil.umh.es\/ca\/wp-json\/wp\/v2\/pages\/10"}],"collection":[{"href":"https:\/\/derechocivil.umh.es\/ca\/wp-json\/wp\/v2\/pages"}],"about":[{"href":"https:\/\/derechocivil.umh.es\/ca\/wp-json\/wp\/v2\/types\/page"}],"author":[{"embeddable":true,"href":"https:\/\/derechocivil.umh.es\/ca\/wp-json\/wp\/v2\/users\/2794"}],"replies":[{"embeddable":true,"href":"https:\/\/derechocivil.umh.es\/ca\/wp-json\/wp\/v2\/comments?post=10"}],"version-history":[{"count":0,"href":"https:\/\/derechocivil.umh.es\/ca\/wp-json\/wp\/v2\/pages\/10\/revisions"}],"up":[{"embeddable":true,"href":"https:\/\/derechocivil.umh.es\/ca\/wp-json\/wp\/v2\/pages\/8"}],"wp:attachment":[{"href":"https:\/\/derechocivil.umh.es\/ca\/wp-json\/wp\/v2\/media?parent=10"}],"curies":[{"name":"wp","href":"https:\/\/api.w.org\/{rel}","templated":true}]}}